{"id":423,"date":"2025-04-01T11:36:02","date_gmt":"2025-04-01T09:36:02","guid":{"rendered":"https:\/\/vibratif.fr\/?page_id=423"},"modified":"2025-06-16T16:04:18","modified_gmt":"2025-06-16T14:04:18","slug":"coupe-de-cheveux-vibratoire","status":"publish","type":"page","link":"https:\/\/vibratif.fr\/?page_id=423","title":{"rendered":"Coupe de cheveux vibratoire"},"content":{"rendered":"\t\t<div data-elementor-type=\"wp-page\" data-elementor-id=\"423\" class=\"elementor elementor-423\">\n\t\t\t\t<div class=\"elementor-element elementor-element-603d048 e-flex e-con-boxed e-con e-parent\" data-id=\"603d048\" data-element_type=\"container\">\n\t\t\t\t\t<div class=\"e-con-inner\">\n\t\t<div class=\"elementor-element elementor-element-804cc6b e-con-full e-flex e-con e-child\" data-id=\"804cc6b\" data-element_type=\"container\">\n\t\t\t\t<div class=\"elementor-element elementor-element-a0942d6 elementor-widget elementor-widget-spacer\" data-id=\"a0942d6\" data-element_type=\"widget\" data-widget_type=\"spacer.default\">\n\t\t\t\t<div class=\"elementor-widget-container\">\n\t\t\t\t\t\t\t<div class=\"elementor-spacer\">\n\t\t\t<div class=\"elementor-spacer-inner\"><\/div>\n\t\t<\/div>\n\t\t\t\t\t\t<\/div>\n\t\t\t\t<\/div>\n\t\t\t\t<div class=\"elementor-element elementor-element-4e935fa elementor-widget elementor-widget-heading\" data-id=\"4e935fa\" data-element_type=\"widget\" data-widget_type=\"heading.default\">\n\t\t\t\t<div class=\"elementor-widget-container\">\n\t\t\t\t\t<h1 class=\"elementor-heading-title elementor-size-default\">Coupe de cheveux Vibratoire et Sensorielle<\/h1>\t\t\t\t<\/div>\n\t\t\t\t<\/div>\n\t\t\t\t<div class=\"elementor-element elementor-element-e880c34 elementor-widget elementor-widget-spacer\" data-id=\"e880c34\" data-element_type=\"widget\" data-widget_type=\"spacer.default\">\n\t\t\t\t<div class=\"elementor-widget-container\">\n\t\t\t\t\t\t\t<div class=\"elementor-spacer\">\n\t\t\t<div class=\"elementor-spacer-inner\"><\/div>\n\t\t<\/div>\n\t\t\t\t\t\t<\/div>\n\t\t\t\t<\/div>\n\t\t\t\t<\/div>\n\t\t\t\t\t<\/div>\n\t\t\t\t<\/div>\n\t\t<div class=\"elementor-element elementor-element-89b836d e-flex e-con-boxed e-con e-parent\" data-id=\"89b836d\" data-element_type=\"container\">\n\t\t\t\t\t<div class=\"e-con-inner\">\n\t\t<div class=\"elementor-element elementor-element-a896c72 e-con-full e-flex e-con e-child\" data-id=\"a896c72\" data-element_type=\"container\">\n\t\t\t\t<div class=\"elementor-element elementor-element-7825ae1 elementor-widget elementor-widget-heading\" data-id=\"7825ae1\" data-element_type=\"widget\" data-widget_type=\"heading.default\">\n\t\t\t\t<div class=\"elementor-widget-container\">\n\t\t\t\t\t<h2 class=\"elementor-heading-title elementor-size-default\">Tisseuse de cheveux<\/h2>\t\t\t\t<\/div>\n\t\t\t\t<\/div>\n\t\t\t\t<\/div>\n\t\t\t\t\t<\/div>\n\t\t\t\t<\/div>\n\t\t<div class=\"elementor-element elementor-element-617e0c9 e-flex e-con-boxed e-con e-parent\" data-id=\"617e0c9\" data-element_type=\"container\">\n\t\t\t\t\t<div class=\"e-con-inner\">\n\t\t\t\t<div class=\"elementor-element elementor-element-5f797f5 elementor-widget elementor-widget-image\" data-id=\"5f797f5\" data-element_type=\"widget\" data-widget_type=\"image.default\">\n\t\t\t\t<div class=\"elementor-widget-container\">\n\t\t\t\t\t\t\t\t\t\t\t\t\t\t\t<img fetchpriority=\"high\" decoding=\"async\" width=\"1024\" height=\"761\" src=\"https:\/\/vibratif.fr\/wp-content\/uploads\/2021\/01\/eng12-1024x761.jpeg\" class=\"attachment-large size-large wp-image-146\" alt=\"\" srcset=\"https:\/\/vibratif.fr\/wp-content\/uploads\/2021\/01\/eng12-1024x761.jpeg 1024w, https:\/\/vibratif.fr\/wp-content\/uploads\/2021\/01\/eng12-300x223.jpeg 300w, https:\/\/vibratif.fr\/wp-content\/uploads\/2021\/01\/eng12-768x571.jpeg 768w, https:\/\/vibratif.fr\/wp-content\/uploads\/2021\/01\/eng12-1536x1142.jpeg 1536w, https:\/\/vibratif.fr\/wp-content\/uploads\/2021\/01\/eng12-2048x1523.jpeg 2048w, https:\/\/vibratif.fr\/wp-content\/uploads\/2021\/01\/eng12-1453x1080.jpeg 1453w\" sizes=\"(max-width: 1024px) 100vw, 1024px\" \/>\t\t\t\t\t\t\t\t\t\t\t\t\t\t\t<\/div>\n\t\t\t\t<\/div>\n\t\t\t\t\t<\/div>\n\t\t\t\t<\/div>\n\t\t<div class=\"elementor-element elementor-element-db7498c e-flex e-con-boxed e-con e-parent\" data-id=\"db7498c\" data-element_type=\"container\">\n\t\t\t\t\t<div class=\"e-con-inner\">\n\t\t\t\t<div class=\"elementor-element elementor-element-78ed41a elementor-widget elementor-widget-heading\" data-id=\"78ed41a\" data-element_type=\"widget\" data-widget_type=\"heading.default\">\n\t\t\t\t<div class=\"elementor-widget-container\">\n\t\t\t\t\t<h2 class=\"elementor-heading-title elementor-size-default\">Qu'est ce que la coupe \u00e9nerg\u00e9tique ?<\/h2>\t\t\t\t<\/div>\n\t\t\t\t<\/div>\n\t\t\t\t<div class=\"elementor-element elementor-element-4db02ea elementor-widget elementor-widget-text-editor\" data-id=\"4db02ea\" data-element_type=\"widget\" data-widget_type=\"text-editor.default\">\n\t\t\t\t<div class=\"elementor-widget-container\">\n\t\t\t\t\t\t\t\t\t<p>Coupe au rasoir (coupe-chou) inspir\u00e9e des principes de la m\u00e9decine chinoise ; lors de la coupe, tous nos sens sont activ\u00e9s, elle stimule les m\u00e9ridiens cr\u00e2niens, lib\u00e8re les toxines capillaires, stimule le bulbe pileux. Le rasoir va \u00e9mettre une vibration qui passe \u00e0 travers les \u00e9cailles du cheveu, qui va activer la circulation sanguine. La coupe Vibratoire et Sensorielle est \u00e0 la fois une coupe de cheveux, mais \u00e9galement un moment de Bien-\u00eatre !<\/p>\t\t\t\t\t\t\t\t<\/div>\n\t\t\t\t<\/div>\n\t\t\t\t<div class=\"elementor-element elementor-element-ccc22ff elementor-widget elementor-widget-heading\" data-id=\"ccc22ff\" data-element_type=\"widget\" data-widget_type=\"heading.default\">\n\t\t\t\t<div class=\"elementor-widget-container\">\n\t\t\t\t\t<h2 class=\"elementor-heading-title elementor-size-default\">Quels en sont les bienfaits ?<\/h2>\t\t\t\t<\/div>\n\t\t\t\t<\/div>\n\t\t\t\t<div class=\"elementor-element elementor-element-e5d7593 elementor-widget elementor-widget-text-editor\" data-id=\"e5d7593\" data-element_type=\"widget\" data-widget_type=\"text-editor.default\">\n\t\t\t\t<div class=\"elementor-widget-container\">\n\t\t\t\t\t\t\t\t\t<p>Le cheveu est un capteur d\u2019\u00e9nergie. Il en dit long sur notre humeur et notre personnalit\u00e9 : ils sont beaux, nous sommes en bonne forme physique et psychologique : ils sont en manque de vitalit\u00e9, cela montre des faiblesses physiologiques\/psychologiques, nos exc\u00e8s ou encore nos carences. La bo\u00eete cr\u00e2nienne jouant le r\u00f4le de caisse de r\u00e9sonance, la vibration va passer dans tout le corps par le liquide c\u00e9phalo-rachidien qui va court-circuiter le mental.<\/p><p>Cette vibration apporte une nouvelle \u00e9nergie, le cheveu capte la m\u00e9moire cellulaire \u00e9motionnelle, c\u2019est gr\u00e2ce \u00e0 elle que le son r\u00e9sonne dans tout le corps, du cr\u00e2ne au sacrum, et va permettre une lib\u00e9ration d\u2019un traumatisme.<\/p><p>Moyen int\u00e9ressant d\u2019exprimer ses \u00e9motions ou ressentis qu\u2019on ne sait pas analyser ! On enl\u00e8ve des vieilles m\u00e9moires n\u00e9gatives, on se lib\u00e8re des poids \u00e9motionnels, des tensions\u2026 Comme en kin\u00e9siologie, cette coupe permet aux personnes de faire en sorte que leur corps parle pour eux.<\/p>\t\t\t\t\t\t\t\t<\/div>\n\t\t\t\t<\/div>\n\t\t\t\t<div class=\"elementor-element elementor-element-a30f65e elementor-widget elementor-widget-heading\" data-id=\"a30f65e\" data-element_type=\"widget\" data-widget_type=\"heading.default\">\n\t\t\t\t<div class=\"elementor-widget-container\">\n\t\t\t\t\t<h2 class=\"elementor-heading-title elementor-size-default\">Les bienfaits de la coupe vibratoire lors d'une pathologie particuli\u00e8re<\/h2>\t\t\t\t<\/div>\n\t\t\t\t<\/div>\n\t\t\t\t<div class=\"elementor-element elementor-element-dffb4c2 elementor-widget elementor-widget-text-editor\" data-id=\"dffb4c2\" data-element_type=\"widget\" data-widget_type=\"text-editor.default\">\n\t\t\t\t<div class=\"elementor-widget-container\">\n\t\t\t\t\t\t\t\t\t<ul><li style=\"list-style-type: none;\"><ul><li>Cancer &#8211; chimio<\/li><li>Pelade<\/li><li>Hyper \/ hypothyro\u00efdie<\/li><li>Choc \u00e9motionnel<\/li><li>D\u00e9pression, m\u00e9nopause<\/li><\/ul><\/li><\/ul>\t\t\t\t\t\t\t\t<\/div>\n\t\t\t\t<\/div>\n\t\t\t\t<div class=\"elementor-element elementor-element-7827eca elementor-widget elementor-widget-text-editor\" data-id=\"7827eca\" data-element_type=\"widget\" data-widget_type=\"text-editor.default\">\n\t\t\t\t<div class=\"elementor-widget-container\">\n\t\t\t\t\t\t\t\t\t<p>Ce soin agit sur les \u00e9motions et sur 3 plans :<\/p>\n<ul class=\"wp-block-list\">\n<li>Physique<\/li>\n<li>Psychique<\/li>\n<li>Spirituel<\/li>\n<\/ul>\n<p>La coupe a une phase tonifiante, apaisante et lib\u00e9rera quelque chose, conscient ou non-conscient. <br>Le coiffeur \u00e9nerg\u00e9ticien proc\u00e8de d\u2019abord \u00e0 la lecture de l\u2019implantation capillaire psycho-\u00e9motionnelle. Il n\u2019a aucun pouvoir sur son client.<br>Il lui donne simplement des indications sur ses blocages. Si la personne ne souhaite pas acc\u00e9der \u00e0 certaines dimensions de son \u00ab \u00catre \u00bb, pense qu\u2019elle ne ressent rien, le soin influe quand m\u00eame sur la structure \u00e9nerg\u00e9tique : celle-ci est r\u00e9ajust\u00e9e !<\/p>\n<p>Cette coupe n&rsquo;est pas le \u00ab\u00a0para\u00eetre\u00a0\u00bb mais le \u00ab\u00a0bien-\u00eatre\u00a0\u00bb, c&rsquo;est une s\u00e9ance \u00e9nerg\u00e9tique.<br>Th\u00e9rapie par le cheveu, il est le reflet de notre \u00e2me.<br>Apr\u00e8s la s\u00e9ance, les cheveux sont d\u00e9toxifi\u00e9s, plus doux, plus forts et plus beaux.<\/p>\t\t\t\t\t\t\t\t<\/div>\n\t\t\t\t<\/div>\n\t\t\t\t\t<\/div>\n\t\t\t\t<\/div>\n\t\t\t\t<\/div>\n\t\t","protected":false},"excerpt":{"rendered":"<p>Coupe de cheveux Vibratoire et Sensorielle Tisseuse de cheveux Qu&rsquo;est ce que la coupe \u00e9nerg\u00e9tique ? Coupe au rasoir (coupe-chou) [&hellip;]<\/p>\n","protected":false},"author":1,"featured_media":0,"parent":0,"menu_order":0,"comment_status":"closed","ping_status":"closed","template":"","meta":{"site-sidebar-layout":"no-sidebar","site-content-layout":"","ast-site-content-layout":"full-width-container","site-content-style":"default","site-sidebar-style":"default","ast-global-header-display":"","ast-banner-title-visibility":"","ast-main-header-display":"","ast-hfb-above-header-display":"","ast-hfb-below-header-display":"","ast-hfb-mobile-header-display":"","site-post-title":"disabled","ast-breadcrumbs-content":"","ast-featured-img":"disabled","footer-sml-layout":"","theme-transparent-header-meta":"","adv-header-id-meta":"","stick-header-meta":"","header-above-stick-meta":"","header-main-stick-meta":"","header-below-stick-meta":"","astra-migrate-meta-layouts":"default","ast-page-background-enabled":"default","ast-page-background-meta":{"desktop":{"background-color":"var(--ast-global-color-5)","background-image":"","background-repeat":"repeat","background-position":"center center","background-size":"auto","background-attachment":"scroll","background-type":"","background-media":"","overlay-type":"","overlay-color":"","overlay-opacity":"","overlay-gradient":""},"tablet":{"background-color":"","background-image":"","background-repeat":"repeat","background-position":"center center","background-size":"auto","background-attachment":"scroll","background-type":"","background-media":"","overlay-type":"","overlay-color":"","overlay-opacity":"","overlay-gradient":""},"mobile":{"background-color":"","background-image":"","background-repeat":"repeat","background-position":"center center","background-size":"auto","background-attachment":"scroll","background-type":"","background-media":"","overlay-type":"","overlay-color":"","overlay-opacity":"","overlay-gradient":""}},"ast-content-background-meta":{"desktop":{"background-color":"var(--ast-global-color-4)","background-image":"","background-repeat":"repeat","background-position":"center center","background-size":"auto","background-attachment":"scroll","background-type":"","background-media":"","overlay-type":"","overlay-color":"","overlay-opacity":"","overlay-gradient":""},"tablet":{"background-color":"var(--ast-global-color-4)","background-image":"","background-repeat":"repeat","background-position":"center center","background-size":"auto","background-attachment":"scroll","background-type":"","background-media":"","overlay-type":"","overlay-color":"","overlay-opacity":"","overlay-gradient":""},"mobile":{"background-color":"var(--ast-global-color-4)","background-image":"","background-repeat":"repeat","background-position":"center center","background-size":"auto","background-attachment":"scroll","background-type":"","background-media":"","overlay-type":"","overlay-color":"","overlay-opacity":"","overlay-gradient":""}},"footnotes":""},"class_list":["post-423","page","type-page","status-publish","hentry"],"_links":{"self":[{"href":"https:\/\/vibratif.fr\/index.php?rest_route=\/wp\/v2\/pages\/423","targetHints":{"allow":["GET"]}}],"collection":[{"href":"https:\/\/vibratif.fr\/index.php?rest_route=\/wp\/v2\/pages"}],"about":[{"href":"https:\/\/vibratif.fr\/index.php?rest_route=\/wp\/v2\/types\/page"}],"author":[{"embeddable":true,"href":"https:\/\/vibratif.fr\/index.php?rest_route=\/wp\/v2\/users\/1"}],"replies":[{"embeddable":true,"href":"https:\/\/vibratif.fr\/index.php?rest_route=%2Fwp%2Fv2%2Fcomments&post=423"}],"version-history":[{"count":23,"href":"https:\/\/vibratif.fr\/index.php?rest_route=\/wp\/v2\/pages\/423\/revisions"}],"predecessor-version":[{"id":571,"href":"https:\/\/vibratif.fr\/index.php?rest_route=\/wp\/v2\/pages\/423\/revisions\/571"}],"wp:attachment":[{"href":"https:\/\/vibratif.fr\/index.php?rest_route=%2Fwp%2Fv2%2Fmedia&parent=423"}],"curies":[{"name":"wp","href":"https:\/\/api.w.org\/{rel}","templated":true}]}}