{"id":439,"date":"2025-05-09T14:30:46","date_gmt":"2025-05-09T12:30:46","guid":{"rendered":"https:\/\/vibratif.fr\/?page_id=439"},"modified":"2025-06-26T16:26:05","modified_gmt":"2025-06-26T14:26:05","slug":"coupe-vibratoire-et-olfactive","status":"publish","type":"page","link":"https:\/\/vibratif.fr\/?page_id=439","title":{"rendered":"Coupe vibratoire et olfactive"},"content":{"rendered":"\t\t<div data-elementor-type=\"wp-page\" data-elementor-id=\"439\" class=\"elementor elementor-439\">\n\t\t\t\t<div class=\"elementor-element elementor-element-1ac3921 e-flex e-con-boxed e-con e-parent\" data-id=\"1ac3921\" data-element_type=\"container\">\n\t\t\t\t\t<div class=\"e-con-inner\">\n\t\t<div class=\"elementor-element elementor-element-01f046d e-con-full e-flex e-con e-child\" data-id=\"01f046d\" data-element_type=\"container\">\n\t\t\t\t<div class=\"elementor-element elementor-element-54615c4 elementor-widget elementor-widget-image\" data-id=\"54615c4\" data-element_type=\"widget\" data-widget_type=\"image.default\">\n\t\t\t\t<div class=\"elementor-widget-container\">\n\t\t\t\t\t\t\t\t\t\t\t\t\t\t\t<img fetchpriority=\"high\" decoding=\"async\" width=\"700\" height=\"700\" src=\"https:\/\/vibratif.fr\/wp-content\/uploads\/2025\/05\/huile-doterra.webp\" class=\"attachment-large size-large wp-image-441\" alt=\"\" srcset=\"https:\/\/vibratif.fr\/wp-content\/uploads\/2025\/05\/huile-doterra.webp 700w, https:\/\/vibratif.fr\/wp-content\/uploads\/2025\/05\/huile-doterra-300x300.webp 300w, https:\/\/vibratif.fr\/wp-content\/uploads\/2025\/05\/huile-doterra-150x150.webp 150w\" sizes=\"(max-width: 700px) 100vw, 700px\" \/>\t\t\t\t\t\t\t\t\t\t\t\t\t\t\t<\/div>\n\t\t\t\t<\/div>\n\t\t\t\t<div class=\"elementor-element elementor-element-b422845 elementor-widget elementor-widget-heading\" data-id=\"b422845\" data-element_type=\"widget\" data-widget_type=\"heading.default\">\n\t\t\t\t<div class=\"elementor-widget-container\">\n\t\t\t\t\t<h3 class=\"elementor-heading-title elementor-size-default\">\" La beaut\u00e9 commence au moment o\u00f9 vous d\u00e9cidez d'\u00eatre vous-m\u00eame \" (Coco Chanel)<\/h3>\t\t\t\t<\/div>\n\t\t\t\t<\/div>\n\t\t\t\t<\/div>\n\t\t<div class=\"elementor-element elementor-element-324a361 e-con-full e-flex e-con e-child\" data-id=\"324a361\" data-element_type=\"container\">\n\t\t\t\t<div class=\"elementor-element elementor-element-4f90cbb elementor-widget elementor-widget-text-editor\" data-id=\"4f90cbb\" data-element_type=\"widget\" data-widget_type=\"text-editor.default\">\n\t\t\t\t<div class=\"elementor-widget-container\">\n\t\t\t\t\t\t\t\t\t<p>Aujourd&rsquo;hui, les HE sont plus accessibles et faciles \u00e0 utiliser au quotidien.&nbsp;<br><span style=\"font-family: var( --e-global-typography-text-font-family ), Sans-serif; font-style: inherit; text-align: var(--text-align);\">Au cours d&rsquo;une journ\u00e9e, nous ressentons une palette d&rsquo;\u00e9motions, les HE contribuent \u00e0 la gestion et au maintien de notre Bien-\u00eatre\u202f; elles procurent une sensation apaisante sur la peau ou contribuent \u00e0 g\u00e9n\u00e9rer l&rsquo;aspect \u00e9motionnel et physiologique .. L&rsquo;\u00e9nergie des HE influent directement sur nos diff\u00e9rents centres \u00e9nerg\u00e9tiques et notre \u00e9quilibre int\u00e9rieur.<\/span><\/p>\n<p>Les HE DoTerra ont des fr\u00e9quences tr\u00e8s \u00e9lev\u00e9es, elles vibrent et r\u00e9pondent \u00e0 nos pens\u00e9es, \u00e9motions et intentions.<br>Elles associent la signature de la plante, leurs meilleurs extraits et la valeur vibratoire qui rend son action puissante et efficace.<br>Les synergies sont sp\u00e9cialement \u00e9labor\u00e9es pour un Bien-\u00eatre cibl\u00e9.<\/p>\n<p>Associer lors d&rsquo;une Coupe Vibratoire ou d&rsquo;une S\u00e9ance d&rsquo;Harmonisation \u00e9nerg\u00e9tique, cela va vous permettre de vous reconnecter \u00e0 votre corps, votre ancrage. <br>Nous avons nos m\u00e9moires cellulaires et \u00e9motionnelles, les m\u00e9moires du cheveu. Avec les senteurs des HE DoTerra, nous allons nous reconnecter avec des souvenirs, des sensations, pour permettre \u00e0 votre corps de se lib\u00e9rer des vieilles m\u00e9moires et de le r\u00e9\u00e9quilibrer \u00e0 travers la Coupe Vibratoire.<\/p>\n<p>Il est important de n&rsquo;avoir aucune attente particuli\u00e8re, dans tous les cas, une transformation est en cours, une lib\u00e9ration consciente ou non consciente.&nbsp;<\/p>\t\t\t\t\t\t\t\t<\/div>\n\t\t\t\t<\/div>\n\t\t\t\t<\/div>\n\t\t\t\t\t<\/div>\n\t\t\t\t<\/div>\n\t\t<div class=\"elementor-element elementor-element-c75b0c7 e-flex e-con-boxed e-con e-parent\" data-id=\"c75b0c7\" data-element_type=\"container\">\n\t\t\t\t\t<div class=\"e-con-inner\">\n\t\t\t\t<div class=\"elementor-element elementor-element-f9059eb elementor-widget elementor-widget-text-editor\" data-id=\"f9059eb\" data-element_type=\"widget\" data-widget_type=\"text-editor.default\">\n\t\t\t\t<div class=\"elementor-widget-container\">\n\t\t\t\t\t\t\t\t\t<p>** Je propose \u00e9galement des journ\u00e9es \u00ab\u00a0Coupe Vibratoire &amp; Constellation Familiale\u00a0\u00bb<\/p>\n<p>&nbsp;* La constellation familiale, ancestrale et la coupe de cheveux vibratoire et sensorielle sont deux approches qui permettent<br>&nbsp;&nbsp;&nbsp;la prise de conscience et la dissolution des blocages qui emp\u00eachent d\u2019Etre !<\/p>\n<p>&nbsp;&nbsp;S\u00e9ance en bin\u00f4me avec <a href=\"http:\/\/www.evelyne-schmitt.com\/\" target=\"_blank\" rel=\"noopener\">www.evelyne-schmitt.com<\/a><\/p>\t\t\t\t\t\t\t\t<\/div>\n\t\t\t\t<\/div>\n\t\t\t\t\t<\/div>\n\t\t\t\t<\/div>\n\t\t\t\t<\/div>\n\t\t","protected":false},"excerpt":{"rendered":"<p>\u00a0\u00bb La beaut\u00e9 commence au moment o\u00f9 vous d\u00e9cidez d&rsquo;\u00eatre vous-m\u00eame \u00a0\u00bb (Coco Chanel) Aujourd&rsquo;hui, les HE sont plus accessibles [&hellip;]<\/p>\n","protected":false},"author":1,"featured_media":0,"parent":0,"menu_order":0,"comment_status":"closed","ping_status":"closed","template":"","meta":{"site-sidebar-layout":"no-sidebar","site-content-layout":"","ast-site-content-layout":"full-width-container","site-content-style":"default","site-sidebar-style":"default","ast-global-header-display":"","ast-banner-title-visibility":"","ast-main-header-display":"","ast-hfb-above-header-display":"","ast-hfb-below-header-display":"","ast-hfb-mobile-header-display":"","site-post-title":"disabled","ast-breadcrumbs-content":"","ast-featured-img":"disabled","footer-sml-layout":"","theme-transparent-header-meta":"","adv-header-id-meta":"","stick-header-meta":"","header-above-stick-meta":"","header-main-stick-meta":"","header-below-stick-meta":"","astra-migrate-meta-layouts":"default","ast-page-background-enabled":"default","ast-page-background-meta":{"desktop":{"background-color":"var(--ast-global-color-5)","background-image":"","background-repeat":"repeat","background-position":"center center","background-size":"auto","background-attachment":"scroll","background-type":"","background-media":"","overlay-type":"","overlay-color":"","overlay-opacity":"","overlay-gradient":""},"tablet":{"background-color":"","background-image":"","background-repeat":"repeat","background-position":"center center","background-size":"auto","background-attachment":"scroll","background-type":"","background-media":"","overlay-type":"","overlay-color":"","overlay-opacity":"","overlay-gradient":""},"mobile":{"background-color":"","background-image":"","background-repeat":"repeat","background-position":"center center","background-size":"auto","background-attachment":"scroll","background-type":"","background-media":"","overlay-type":"","overlay-color":"","overlay-opacity":"","overlay-gradient":""}},"ast-content-background-meta":{"desktop":{"background-color":"var(--ast-global-color-4)","background-image":"","background-repeat":"repeat","background-position":"center center","background-size":"auto","background-attachment":"scroll","background-type":"","background-media":"","overlay-type":"","overlay-color":"","overlay-opacity":"","overlay-gradient":""},"tablet":{"background-color":"var(--ast-global-color-4)","background-image":"","background-repeat":"repeat","background-position":"center center","background-size":"auto","background-attachment":"scroll","background-type":"","background-media":"","overlay-type":"","overlay-color":"","overlay-opacity":"","overlay-gradient":""},"mobile":{"background-color":"var(--ast-global-color-4)","background-image":"","background-repeat":"repeat","background-position":"center center","background-size":"auto","background-attachment":"scroll","background-type":"","background-media":"","overlay-type":"","overlay-color":"","overlay-opacity":"","overlay-gradient":""}},"footnotes":""},"class_list":["post-439","page","type-page","status-publish","hentry"],"_links":{"self":[{"href":"https:\/\/vibratif.fr\/index.php?rest_route=\/wp\/v2\/pages\/439","targetHints":{"allow":["GET"]}}],"collection":[{"href":"https:\/\/vibratif.fr\/index.php?rest_route=\/wp\/v2\/pages"}],"about":[{"href":"https:\/\/vibratif.fr\/index.php?rest_route=\/wp\/v2\/types\/page"}],"author":[{"embeddable":true,"href":"https:\/\/vibratif.fr\/index.php?rest_route=\/wp\/v2\/users\/1"}],"replies":[{"embeddable":true,"href":"https:\/\/vibratif.fr\/index.php?rest_route=%2Fwp%2Fv2%2Fcomments&post=439"}],"version-history":[{"count":24,"href":"https:\/\/vibratif.fr\/index.php?rest_route=\/wp\/v2\/pages\/439\/revisions"}],"predecessor-version":[{"id":591,"href":"https:\/\/vibratif.fr\/index.php?rest_route=\/wp\/v2\/pages\/439\/revisions\/591"}],"wp:attachment":[{"href":"https:\/\/vibratif.fr\/index.php?rest_route=%2Fwp%2Fv2%2Fmedia&parent=439"}],"curies":[{"name":"wp","href":"https:\/\/api.w.org\/{rel}","templated":true}]}}