{"id":455,"date":"2025-05-09T14:35:55","date_gmt":"2025-05-09T12:35:55","guid":{"rendered":"https:\/\/vibratif.fr\/?page_id=455"},"modified":"2025-06-26T16:27:28","modified_gmt":"2025-06-26T14:27:28","slug":"harmonisation-energetique","status":"publish","type":"page","link":"https:\/\/vibratif.fr\/?page_id=455","title":{"rendered":"Harmonisation \u00e9nerg\u00e9tique"},"content":{"rendered":"\t\t<div data-elementor-type=\"wp-page\" data-elementor-id=\"455\" class=\"elementor elementor-455\">\n\t\t\t\t<div class=\"elementor-element elementor-element-9effb1f e-flex e-con-boxed e-con e-parent\" data-id=\"9effb1f\" data-element_type=\"container\">\n\t\t\t\t\t<div class=\"e-con-inner\">\n\t\t\t\t<div class=\"elementor-element elementor-element-cdbbaa5 elementor-widget elementor-widget-spacer\" data-id=\"cdbbaa5\" data-element_type=\"widget\" data-widget_type=\"spacer.default\">\n\t\t\t\t<div class=\"elementor-widget-container\">\n\t\t\t\t\t\t\t<div class=\"elementor-spacer\">\n\t\t\t<div class=\"elementor-spacer-inner\"><\/div>\n\t\t<\/div>\n\t\t\t\t\t\t<\/div>\n\t\t\t\t<\/div>\n\t\t\t\t<div class=\"elementor-element elementor-element-bdd9829 elementor-widget elementor-widget-heading\" data-id=\"bdd9829\" data-element_type=\"widget\" data-widget_type=\"heading.default\">\n\t\t\t\t<div class=\"elementor-widget-container\">\n\t\t\t\t\t<h1 class=\"elementor-heading-title elementor-size-default\">Harmonisation \u00e9nerg\u00e9tique<\/h1>\t\t\t\t<\/div>\n\t\t\t\t<\/div>\n\t\t\t\t<div class=\"elementor-element elementor-element-43800a1 elementor-widget elementor-widget-spacer\" data-id=\"43800a1\" data-element_type=\"widget\" data-widget_type=\"spacer.default\">\n\t\t\t\t<div class=\"elementor-widget-container\">\n\t\t\t\t\t\t\t<div class=\"elementor-spacer\">\n\t\t\t<div class=\"elementor-spacer-inner\"><\/div>\n\t\t<\/div>\n\t\t\t\t\t\t<\/div>\n\t\t\t\t<\/div>\n\t\t\t\t<div class=\"elementor-element elementor-element-1d37cea elementor-widget elementor-widget-text-editor\" data-id=\"1d37cea\" data-element_type=\"widget\" data-widget_type=\"text-editor.default\">\n\t\t\t\t<div class=\"elementor-widget-container\">\n\t\t\t\t\t\t\t\t\t<p>Entretenir son Bien-\u00eatre au Quotidien !<\/p><p>Le LaHochi est une m\u00e9thode d&rsquo;harmonisation naturelle et holistique. Elle diffuse une \u00e9nergie douce et bienveillante.<\/p><p>C&rsquo;est une m\u00e9thode de soin puissante qui diffuse des fr\u00e9quences vibratoires \u00e9lev\u00e9es et permet un r\u00e9\u00e9quilibrage profond de l&rsquo;\u00eatre.<br \/>Cette \u00e9nergie permet d&rsquo;agir sur les maux physiques, \u00e9motionnels et spirituels.<\/p>\t\t\t\t\t\t\t\t<\/div>\n\t\t\t\t<\/div>\n\t\t\t\t\t<\/div>\n\t\t\t\t<\/div>\n\t\t<div class=\"elementor-element elementor-element-7082e35 e-flex e-con-boxed e-con e-parent\" data-id=\"7082e35\" data-element_type=\"container\">\n\t\t\t\t\t<div class=\"e-con-inner\">\n\t\t<div class=\"elementor-element elementor-element-69200a9 e-con-full e-flex e-con e-child\" data-id=\"69200a9\" data-element_type=\"container\">\n\t\t\t\t<div class=\"elementor-element elementor-element-6e7ce80 elementor-widget elementor-widget-text-editor\" data-id=\"6e7ce80\" data-element_type=\"widget\" data-widget_type=\"text-editor.default\">\n\t\t\t\t<div class=\"elementor-widget-container\">\n\t\t\t\t\t\t\t\t\t<ul><li>Nettoie et harmonise les chakras<\/li><li>Stimule le syst\u00e8me immunitaire<\/li><li>\u00c9limine les toxines et lib\u00e8re les blocages<\/li><li>Diminue le stress<\/li><li>Renforce les m\u00e9ridiens<\/li><li>Paix Int\u00e9rieure, Relaxation profonde<\/li><\/ul>\t\t\t\t\t\t\t\t<\/div>\n\t\t\t\t<\/div>\n\t\t\t\t<\/div>\n\t\t<div class=\"elementor-element elementor-element-d5a1cbe e-con-full e-flex e-con e-child\" data-id=\"d5a1cbe\" data-element_type=\"container\">\n\t\t\t\t<div class=\"elementor-element elementor-element-3f8c3e7 elementor-widget elementor-widget-image\" data-id=\"3f8c3e7\" data-element_type=\"widget\" data-widget_type=\"image.default\">\n\t\t\t\t<div class=\"elementor-widget-container\">\n\t\t\t\t\t\t\t\t\t\t\t\t\t\t\t<img fetchpriority=\"high\" decoding=\"async\" width=\"1024\" height=\"1024\" src=\"https:\/\/vibratif.fr\/wp-content\/uploads\/2025\/06\/Tete-esprit-1024x1024.png\" class=\"attachment-large size-large wp-image-582\" alt=\"\" srcset=\"https:\/\/vibratif.fr\/wp-content\/uploads\/2025\/06\/Tete-esprit-1024x1024.png 1024w, https:\/\/vibratif.fr\/wp-content\/uploads\/2025\/06\/Tete-esprit-300x300.png 300w, https:\/\/vibratif.fr\/wp-content\/uploads\/2025\/06\/Tete-esprit-150x150.png 150w, https:\/\/vibratif.fr\/wp-content\/uploads\/2025\/06\/Tete-esprit-768x768.png 768w, https:\/\/vibratif.fr\/wp-content\/uploads\/2025\/06\/Tete-esprit.png 1500w\" sizes=\"(max-width: 1024px) 100vw, 1024px\" \/>\t\t\t\t\t\t\t\t\t\t\t\t\t\t\t<\/div>\n\t\t\t\t<\/div>\n\t\t\t\t<\/div>\n\t\t\t\t\t<\/div>\n\t\t\t\t<\/div>\n\t\t<div class=\"elementor-element elementor-element-0671a6b e-flex e-con-boxed e-con e-parent\" data-id=\"0671a6b\" data-element_type=\"container\">\n\t\t\t\t\t<div class=\"e-con-inner\">\n\t\t\t\t<div class=\"elementor-element elementor-element-13085fd elementor-widget elementor-widget-spacer\" data-id=\"13085fd\" data-element_type=\"widget\" data-widget_type=\"spacer.default\">\n\t\t\t\t<div class=\"elementor-widget-container\">\n\t\t\t\t\t\t\t<div class=\"elementor-spacer\">\n\t\t\t<div class=\"elementor-spacer-inner\"><\/div>\n\t\t<\/div>\n\t\t\t\t\t\t<\/div>\n\t\t\t\t<\/div>\n\t\t\t\t\t<\/div>\n\t\t\t\t<\/div>\n\t\t<div class=\"elementor-element elementor-element-25a9497 e-flex e-con-boxed e-con e-parent\" data-id=\"25a9497\" data-element_type=\"container\">\n\t\t\t\t\t<div class=\"e-con-inner\">\n\t\t<div class=\"elementor-element elementor-element-f55644b e-con-full e-flex e-con e-child\" data-id=\"f55644b\" data-element_type=\"container\">\n\t\t\t\t<div class=\"elementor-element elementor-element-9ef381f elementor-widget elementor-widget-image\" data-id=\"9ef381f\" data-element_type=\"widget\" data-widget_type=\"image.default\">\n\t\t\t\t<div class=\"elementor-widget-container\">\n\t\t\t\t\t\t\t\t\t\t\t\t\t\t\t<img decoding=\"async\" width=\"724\" height=\"1024\" src=\"https:\/\/vibratif.fr\/wp-content\/uploads\/2025\/05\/Les-Chakras-cest-quoi-1-724x1024.png\" class=\"attachment-large size-large wp-image-478\" alt=\"\" srcset=\"https:\/\/vibratif.fr\/wp-content\/uploads\/2025\/05\/Les-Chakras-cest-quoi-1-724x1024.png 724w, https:\/\/vibratif.fr\/wp-content\/uploads\/2025\/05\/Les-Chakras-cest-quoi-1-212x300.png 212w, https:\/\/vibratif.fr\/wp-content\/uploads\/2025\/05\/Les-Chakras-cest-quoi-1-768x1086.png 768w, https:\/\/vibratif.fr\/wp-content\/uploads\/2025\/05\/Les-Chakras-cest-quoi-1-1086x1536.png 1086w, https:\/\/vibratif.fr\/wp-content\/uploads\/2025\/05\/Les-Chakras-cest-quoi-1.png 1414w\" sizes=\"(max-width: 724px) 100vw, 724px\" \/>\t\t\t\t\t\t\t\t\t\t\t\t\t\t\t<\/div>\n\t\t\t\t<\/div>\n\t\t\t\t<\/div>\n\t\t<div class=\"elementor-element elementor-element-08953e8 e-con-full e-flex e-con e-child\" data-id=\"08953e8\" data-element_type=\"container\">\n\t\t\t\t<div class=\"elementor-element elementor-element-a4bc02c elementor-widget elementor-widget-image\" data-id=\"a4bc02c\" data-element_type=\"widget\" data-widget_type=\"image.default\">\n\t\t\t\t<div class=\"elementor-widget-container\">\n\t\t\t\t\t\t\t\t\t\t\t\t\t\t\t<img decoding=\"async\" width=\"724\" height=\"1024\" src=\"https:\/\/vibratif.fr\/wp-content\/uploads\/2025\/05\/Pourquoi-faire-un-Soin--724x1024.png\" class=\"attachment-large size-large wp-image-479\" alt=\"\" srcset=\"https:\/\/vibratif.fr\/wp-content\/uploads\/2025\/05\/Pourquoi-faire-un-Soin--724x1024.png 724w, https:\/\/vibratif.fr\/wp-content\/uploads\/2025\/05\/Pourquoi-faire-un-Soin--212x300.png 212w, https:\/\/vibratif.fr\/wp-content\/uploads\/2025\/05\/Pourquoi-faire-un-Soin--768x1086.png 768w, https:\/\/vibratif.fr\/wp-content\/uploads\/2025\/05\/Pourquoi-faire-un-Soin--1086x1536.png 1086w, https:\/\/vibratif.fr\/wp-content\/uploads\/2025\/05\/Pourquoi-faire-un-Soin-.png 1414w\" sizes=\"(max-width: 724px) 100vw, 724px\" \/>\t\t\t\t\t\t\t\t\t\t\t\t\t\t\t<\/div>\n\t\t\t\t<\/div>\n\t\t\t\t<\/div>\n\t\t\t\t\t<\/div>\n\t\t\t\t<\/div>\n\t\t\t\t<\/div>\n\t\t","protected":false},"excerpt":{"rendered":"<p>Harmonisation \u00e9nerg\u00e9tique Entretenir son Bien-\u00eatre au Quotidien ! Le LaHochi est une m\u00e9thode d&rsquo;harmonisation naturelle et holistique. Elle diffuse une [&hellip;]<\/p>\n","protected":false},"author":1,"featured_media":0,"parent":0,"menu_order":0,"comment_status":"closed","ping_status":"closed","template":"","meta":{"site-sidebar-layout":"no-sidebar","site-content-layout":"","ast-site-content-layout":"full-width-container","site-content-style":"default","site-sidebar-style":"default","ast-global-header-display":"","ast-banner-title-visibility":"","ast-main-header-display":"","ast-hfb-above-header-display":"","ast-hfb-below-header-display":"","ast-hfb-mobile-header-display":"","site-post-title":"disabled","ast-breadcrumbs-content":"","ast-featured-img":"disabled","footer-sml-layout":"","theme-transparent-header-meta":"","adv-header-id-meta":"","stick-header-meta":"","header-above-stick-meta":"","header-main-stick-meta":"","header-below-stick-meta":"","astra-migrate-meta-layouts":"default","ast-page-background-enabled":"default","ast-page-background-meta":{"desktop":{"background-color":"var(--ast-global-color-5)","background-image":"","background-repeat":"repeat","background-position":"center center","background-size":"auto","background-attachment":"scroll","background-type":"","background-media":"","overlay-type":"","overlay-color":"","overlay-opacity":"","overlay-gradient":""},"tablet":{"background-color":"","background-image":"","background-repeat":"repeat","background-position":"center center","background-size":"auto","background-attachment":"scroll","background-type":"","background-media":"","overlay-type":"","overlay-color":"","overlay-opacity":"","overlay-gradient":""},"mobile":{"background-color":"","background-image":"","background-repeat":"repeat","background-position":"center center","background-size":"auto","background-attachment":"scroll","background-type":"","background-media":"","overlay-type":"","overlay-color":"","overlay-opacity":"","overlay-gradient":""}},"ast-content-background-meta":{"desktop":{"background-color":"var(--ast-global-color-4)","background-image":"","background-repeat":"repeat","background-position":"center center","background-size":"auto","background-attachment":"scroll","background-type":"","background-media":"","overlay-type":"","overlay-color":"","overlay-opacity":"","overlay-gradient":""},"tablet":{"background-color":"var(--ast-global-color-4)","background-image":"","background-repeat":"repeat","background-position":"center center","background-size":"auto","background-attachment":"scroll","background-type":"","background-media":"","overlay-type":"","overlay-color":"","overlay-opacity":"","overlay-gradient":""},"mobile":{"background-color":"var(--ast-global-color-4)","background-image":"","background-repeat":"repeat","background-position":"center center","background-size":"auto","background-attachment":"scroll","background-type":"","background-media":"","overlay-type":"","overlay-color":"","overlay-opacity":"","overlay-gradient":""}},"footnotes":""},"class_list":["post-455","page","type-page","status-publish","hentry"],"_links":{"self":[{"href":"https:\/\/vibratif.fr\/index.php?rest_route=\/wp\/v2\/pages\/455","targetHints":{"allow":["GET"]}}],"collection":[{"href":"https:\/\/vibratif.fr\/index.php?rest_route=\/wp\/v2\/pages"}],"about":[{"href":"https:\/\/vibratif.fr\/index.php?rest_route=\/wp\/v2\/types\/page"}],"author":[{"embeddable":true,"href":"https:\/\/vibratif.fr\/index.php?rest_route=\/wp\/v2\/users\/1"}],"replies":[{"embeddable":true,"href":"https:\/\/vibratif.fr\/index.php?rest_route=%2Fwp%2Fv2%2Fcomments&post=455"}],"version-history":[{"count":19,"href":"https:\/\/vibratif.fr\/index.php?rest_route=\/wp\/v2\/pages\/455\/revisions"}],"predecessor-version":[{"id":594,"href":"https:\/\/vibratif.fr\/index.php?rest_route=\/wp\/v2\/pages\/455\/revisions\/594"}],"wp:attachment":[{"href":"https:\/\/vibratif.fr\/index.php?rest_route=%2Fwp%2Fv2%2Fmedia&parent=455"}],"curies":[{"name":"wp","href":"https:\/\/api.w.org\/{rel}","templated":true}]}}